{"id":3,"date":"2024-10-23T02:45:02","date_gmt":"2024-10-23T02:45:02","guid":{"rendered":"https:\/\/demo.casethemes.net\/mouno\/?page_id=3"},"modified":"2026-03-11T22:28:01","modified_gmt":"2026-03-11T21:28:01","slug":"datenschutzbestimmungen","status":"publish","type":"page","link":"https:\/\/jdmwebs.com\/de\/privacy-policy\/","title":{"rendered":"Datenschutzbestimmungen"},"content":{"rendered":"<div data-elementor-type=\"wp-page\" data-elementor-id=\"3\" class=\"elementor elementor-3\" wpc-filter-elementor-widget=\"1\" data-elementor-post-type=\"page\">\n\t\t\t\t<div class=\"elementor-element elementor-element-41c3a6c2 e-flex e-con-boxed e-con e-parent\" data-id=\"41c3a6c2\" data-element_type=\"container\" data-e-type=\"container\">\n\t\t\t\t\t<div class=\"e-con-inner\">\n\t\t\t\t<div class=\"elementor-element elementor-element-54108700 elementor-widget elementor-widget-text-editor\" data-id=\"54108700\" data-element_type=\"widget\" data-e-type=\"widget\" data-widget_type=\"text-editor.default\">\n\t\t\t\t<div class=\"elementor-widget-container\">\n\t\t\t\t\t\t\t\t\t<p><strong>Datenschutzerkl\u00e4rung - JDMWEBS<\/strong><\/p><p>Bei JDMWEBS legen wir gro\u00dfen Wert auf Ihre Privatsph\u00e4re und den Schutz Ihrer pers\u00f6nlichen Daten. In dieser Datenschutzerkl\u00e4rung erl\u00e4utern wir, welche Daten wir erfassen, warum wir dies tun, wie sie verwendet werden, wie lange wir sie speichern und welche Rechte Sie nach der GDPR (General Data Protection Regulation) haben.<\/p><p>\u00a0<\/p><p>Durch die Nutzung von jdmwebs.com erkl\u00e4ren Sie sich mit dieser Datenschutzerkl\u00e4rung einverstanden.<\/p><p>\u00a0<\/p><p>1. Wer ist f\u00fcr Ihre Daten verantwortlich?<\/p><p>JDMWEBS<br \/>Kapelstraat 165<br \/>9140 Steendorp<br \/>Belgien<br \/>\ud83d\udce7 info@jdmwebs.com<br \/>\ud83d\udcde +32 (0) 478 21 64 47<\/p><p>JDMWEBS handelt als f\u00fcr die Verarbeitung Verantwortlicher im Sinne der DSGVO.<\/p><p>\u00a0<\/p><p>\u00a0<\/p><p>2. Welche personenbezogenen Daten sammeln wir?<\/p><p>Wir erheben nur die Daten, die f\u00fcr die Erbringung unserer Dienstleistungen erforderlich sind oder um Ihnen korrekte Informationen zukommen zu lassen.<\/p><p>\u00a0<\/p><p>2.1 Daten, die Sie uns direkt zur Verf\u00fcgung stellen<\/p><p>Nachname und Vorname<\/p><p>Angaben zur Adresse<\/p><p>E-Mail Adresse<\/p><p>Rufnummer<\/p><p>Firmenname und Mehrwertsteuernummer (falls zutreffend)<\/p><p>Informationen, die Sie \u00fcber Kontaktformulare eingeben<\/p><p>Details zur Bestellung<\/p><p>Anmeldedaten f\u00fcr Ihr Kundenkonto<\/p><p>Inhalt von E-Mails oder Chat-Nachrichten, die Sie uns senden<\/p><p>\u00a0<\/p><p>2.2 Automatisch erfasste Daten<\/p><p>Wenn Sie unsere Website besuchen, erfassen wir automatisch Daten:<\/p><p>IP-Adresse<\/p><p>Browser-Details<\/p><p>Ger\u00e4te- und Sitzungsinformationen<\/p><p>Cookies<\/p><p>Statistische Daten \u00fcber die Nutzung der Website<\/p><p>Besuchte Seiten<\/p><p>\u00a0<\/p><p>2.3 Daten von Dritten<\/p><p>Dies ist der Fall, wenn:<\/p><p>Sie zahlen \u00fcber einen externen Zahlungsanbieter<\/p><p>Sie verkn\u00fcpfen Dienste mit externen Plattformen (z. B. Google, Meta, KI-Systeme)<\/p><p>wir verwenden Tools f\u00fcr Analysen, Werbung oder Sicherheit<\/p><p>\u00a0<\/p><p>\u00a0<\/p><p>3. Warum sammeln wir Ihre Daten?<\/p><p>Wir verarbeiten Ihre personenbezogenen Daten f\u00fcr die folgenden Zwecke:<\/p><p>\u00a0<\/p><p>3.1 Um unsere Dienstleistungen korrekt erbringen zu k\u00f6nnen<\/p><p>Web-Design, -Entwicklung oder -Wartung<\/p><p>Hosting oder Dom\u00e4nenverwaltung<\/p><p>Digitale Produkte und Downloads<\/p><p>Online-Kurse und Anwendungen<\/p><p>KI-L\u00f6sungen oder Automatisierungen<\/p><p>Fakturierung und Verwaltung<\/p><p>\u00a0<\/p><p>3.2 Um Sie zu unterst\u00fctzen<\/p><p>Kundenbetreuung<\/p><p>Kostenvoranschl\u00e4ge und Projektaktualisierungen<\/p><p>Kontof\u00fchrung<\/p><p>Technische Unterst\u00fctzung<\/p><p>\u00a0<\/p><p>3.3 F\u00fcr Kommunikation und Marketing<\/p><p>Newsletters (nur mit Ihrer Zustimmung)<\/p><p>Werbeaktionen und Sonderangebote<\/p><p>Relevante Dienstmeldungen<\/p><p>\u00a0<\/p><p>3.4 F\u00fcr die Sicherheit und Optimierung der Website<\/p><p>Betrugspr\u00e4vention<\/p><p>Analyse des Nutzerverhaltens<\/p><p>Verbesserung von Funktionalit\u00e4t und Leistung<\/p><p>Wir verarbeiten nie mehr Daten als unbedingt erforderlich.<\/p><p>\u00a0<\/p><p>\u00a0<\/p><p>4. Auf welcher Rechtsgrundlage verarbeiten wir Ihre Daten?<\/p><p>In \u00dcbereinstimmung mit der GDPR verarbeiten wir Daten auf der Grundlage von:<\/p><p>Ausf\u00fchrung einer Vereinbarung (z.B. Bestellung oder Dienstleistung)<\/p><p>Gesetzliche Verpflichtung (z.B. Buchhaltung)<\/p><p>Berechtigtes Interesse (z. B. Sicherheit der Website, Marketing f\u00fcr bestehende Kunden)<\/p><p>Zustimmung (z.B. Newsletter, Cookies)<\/p><p>Sie k\u00f6nnen Ihre Einwilligung jederzeit per E-Mail oder \u00fcber den Opt-out-Link widerrufen.<\/p><p>\u00a0<\/p><p>\u00a0<\/p><p>5. Wie lange bewahren wir Ihre Daten auf?<\/p><p>Wir bewahren Ihre Daten nie l\u00e4nger als n\u00f6tig auf:<\/p><p>Kundendaten: max. 7 Jahre (Buchf\u00fchrungspflicht)<\/p><p>Kontaktanfragen: max. 12 Monate<\/p><p>Newsletter-Daten: bis Sie sich abmelden<\/p><p>Projekt- und Servicedaten: Solange Sie Kunde sind<\/p><p>Cookies: gem\u00e4\u00df den geltenden Cookie-Bedingungen<\/p><p>Backups: gem\u00e4\u00df den internen Sicherheitsverfahren<\/p><p>Sie k\u00f6nnen jederzeit die L\u00f6schung Ihrer Daten verlangen, es sei denn, wir sind gesetzlich verpflichtet, sie aufzubewahren.<\/p><p>\u00a0<\/p><p>\u00a0<\/p><p>6. Mit wem teilen wir Ihre Daten?<\/p><p>Ihre Daten werden niemals verkauft.<\/p><p>Wir teilen sie nur mit zuverl\u00e4ssigen Dienstleistern, die daf\u00fcr notwendig sind:<\/p><p>Hosting und Verwaltung der Website<\/p><p>Zahlungsanbieter<\/p><p>Buchhaltungssoftware<\/p><p>E-Mail-Marketing-Plattformen<\/p><p>Sicherheits-Tools<\/p><p>Projekt- und Workflow-Software<\/p><p>KI-L\u00f6sungen (falls zutreffend, immer ohne unn\u00f6tige Daten)<\/p><p>Alle Partner halten sich an die GDPR und wir haben, wo n\u00f6tig, Vereinbarungen zur Datenverarbeitung getroffen.<\/p><p>\u00a0<\/p><p>\u00a0<\/p><p>7. Sicherheit Ihrer Daten<\/p><p>Wir ergreifen geeignete technische und organisatorische Ma\u00dfnahmen, einschlie\u00dflich:<\/p><p>SSL-Verschl\u00fcsselung<\/p><p>Sichere Server<\/p><p>Passwort- und Zugangsverwaltung<\/p><p>Anti-Malware-Systeme<\/p><p>Interne Sicherheitsverfahren<\/p><p>Minimale Datenverarbeitung<\/p><p>Verschl\u00fcsselte Backups<\/p><p>Regelm\u00e4\u00dfige Sicherheitsupdates<\/p><p>Trotz dieser Ma\u00dfnahmen kann kein System die Sicherheit von 100% garantieren, aber wir tun alles, was wir k\u00f6nnen, um Risiken zu minimieren.<\/p><p>\u00a0<\/p><p>\u00a0<\/p><p>8. Cookies<\/p><p>Unsere Website verwendet Cookies f\u00fcr:<\/p><p>Funktionale Zwecke<\/p><p>Statistische Auswertung (z. B. Google Analytics)<\/p><p>Marketing und Remarketing (z. B. Meta Pixel)<\/p><p>Bei Ihrem ersten Besuch erscheint ein Cookie-Banner, in dem Sie Ihre Einstellungen vornehmen k\u00f6nnen.<br \/>Sie k\u00f6nnen Cookies jederzeit \u00fcber Ihre Browsereinstellungen l\u00f6schen oder blockieren.<\/p><p>\u00a0<\/p><p>\u00a0<\/p><p>9. Ihre GDPR-Rechte<\/p><p>Sie haben immer das Recht dazu:<\/p><p>Zugang zu Ihren Daten<\/p><p>Korrektur anfordern<\/p><p>Daten l\u00f6schen lassen (\u201cRecht auf Vergessenwerden\u201d)<\/p><p>die Verarbeitung einschr\u00e4nken<\/p><p>die \u00dcbermittlung Ihrer Daten beantragen<\/p><p>der Verarbeitung widersprechen<\/p><p>Ihre Zustimmung zur\u00fcckziehen<\/p><p>eine Beschwerde bei der Datenschutzbeh\u00f6rde (DPA) einreichen<\/p><p>DPA-Kontaktdaten:<\/p><p>Datenschutzbeh\u00f6rde<br \/>Drukpersstraat 35<br \/>1000 Br\u00fcssel<br \/>www.gegevensbeschermingsautoriteit.be<\/p><p>Wir antworten immer innerhalb der gesetzlichen Frist von 30 Tagen.<\/p><p>\u00a0<\/p><p>\u00a0<\/p><p>10. Minderj\u00e4hrige<\/p><p>Unser Angebot richtet sich nicht an Kinder unter 16 Jahren.<br \/>Wir verarbeiten niemals wissentlich Daten von Minderj\u00e4hrigen ohne die Zustimmung der Eltern.<\/p><p>\u00a0<\/p><p>\u00a0<\/p><p>11. \u00c4nderungen an dieser Datenschutzerkl\u00e4rung<\/p><p>JDMWEBS beh\u00e4lt sich das Recht vor, diese Erkl\u00e4rung zu \u00e4ndern.<br \/>Die aktuellste Version ist immer auf dieser Seite zu finden.<br \/>Im Falle wesentlicher \u00c4nderungen werden Sie per E-Mail informiert.<\/p><p>\u00a0<\/p><p>\u00a0<\/p><p>12. Kontakt<\/p><p>Haben Sie Fragen zu unserer Datenschutzpolitik?<\/p><p>\ud83d\udce7 info@jdmwebs.com<br \/>\ud83d\udcde +32 (0) 478 21 64 47<br \/>\ud83d\udccd Kapelstraat 165, 9140 Steendorp, Belgien<\/p><p>\u00a0<\/p>\t\t\t\t\t\t\t\t<\/div>\n\t\t\t\t<\/div>\n\t\t\t\t\t<\/div>\n\t\t\t\t<\/div>\n\t\t\t\t<\/div>","protected":false},"excerpt":{"rendered":"<p>Privacy Statement \u2013 JDMWEBS At JDMWEBS, we attach great importance to your privacy and the protection of your personal data. In this privacy statement, we explain what data we collect, why we do so, how it is used, how long we store it, and what rights you have under the GDPR (General Data Protection Regulation). [&hellip;]<\/p>\n","protected":false},"author":1,"featured_media":0,"parent":0,"menu_order":0,"comment_status":"closed","ping_status":"open","template":"","meta":{"footnotes":""},"class_list":["post-3","page","type-page","status-publish","hentry"],"_links":{"self":[{"href":"https:\/\/jdmwebs.com\/de\/wp-json\/wp\/v2\/pages\/3","targetHints":{"allow":["GET"]}}],"collection":[{"href":"https:\/\/jdmwebs.com\/de\/wp-json\/wp\/v2\/pages"}],"about":[{"href":"https:\/\/jdmwebs.com\/de\/wp-json\/wp\/v2\/types\/page"}],"author":[{"embeddable":true,"href":"https:\/\/jdmwebs.com\/de\/wp-json\/wp\/v2\/users\/1"}],"replies":[{"embeddable":true,"href":"https:\/\/jdmwebs.com\/de\/wp-json\/wp\/v2\/comments?post=3"}],"version-history":[{"count":4,"href":"https:\/\/jdmwebs.com\/de\/wp-json\/wp\/v2\/pages\/3\/revisions"}],"predecessor-version":[{"id":19738,"href":"https:\/\/jdmwebs.com\/de\/wp-json\/wp\/v2\/pages\/3\/revisions\/19738"}],"wp:attachment":[{"href":"https:\/\/jdmwebs.com\/de\/wp-json\/wp\/v2\/media?parent=3"}],"curies":[{"name":"wp","href":"https:\/\/api.w.org\/{rel}","templated":true}]}}