{"id":20677,"date":"2026-03-15T19:31:04","date_gmt":"2026-03-15T18:31:04","guid":{"rendered":"https:\/\/jdmwebs.com\/?post_type=product&#038;p=20677"},"modified":"2026-03-22T16:47:02","modified_gmt":"2026-03-22T15:47:02","slug":"wordpress-wartung-gold-jahrlich","status":"publish","type":"product","link":"https:\/\/jdmwebs.com\/de\/product\/wordpress-maintenance-gold-yearly\/","title":{"rendered":"WordPress Wartung Gold J\u00e4hrlich"},"content":{"rendered":"<p><strong>\u00a0WordPress-Wartung - Halten Sie Ihre Website sicher, schnell und voll funktionsf\u00e4hig<\/strong><\/p>\n<p>Ihre Website ist kein einmaliges Projekt - sie ist ein lebendiges System, das st\u00e4ndige Pflege, Aktualisierung und Schutz erfordert. Ohne angemessene Wartung kann selbst die beste Website schnell langsam, anf\u00e4llig oder v\u00f6llig unbrauchbar werden.<\/p>\n<p>Mit unserem <strong>WordPress-Wartungsdienst<\/strong>, stellen Sie sicher, dass Ihre Website <strong>sicher, optimiert und mit optimaler Leistung - 24\/7<\/strong>.<\/p>\n<p><strong>\u00a0Warum WordPress-Wartung unerl\u00e4sslich ist<\/strong><\/p>\n<p>Viele Website-Besitzer untersch\u00e4tzen, was hinter den Kulissen passiert. WordPress, Plugins und Themes werden st\u00e4ndig aktualisiert. Wenn diese Aktualisierungen ignoriert oder falsch gehandhabt werden, wird Ihre Website anf\u00e4llig f\u00fcr:<\/p>\n<ul>\n<li>Sicherheitsl\u00fccken und Hackerangriffe<\/li>\n<li>Defekte Layouts oder nicht funktionierende Funktionen<\/li>\n<li>Langsame Ladegeschwindigkeiten und schlechte Benutzerfreundlichkeit<\/li>\n<li>Datenverlust durch fehlende Backups<\/li>\n<li>Kompatibilit\u00e4tsprobleme zwischen Plugins und Themes<\/li>\n<\/ul>\n<p>Ein kleines Problem kann Sie kosten <strong>Kunden, Umsatz und Vertrauen<\/strong>.<\/p>\n<p><strong>\u00a0Was wir f\u00fcr Sie tun<\/strong><\/p>\n<p>Wir \u00fcbernehmen die volle Verantwortung f\u00fcr die technische Seite Ihrer Website, damit Sie sich auf Ihr Gesch\u00e4ft konzentrieren k\u00f6nnen.<\/p>\n<p>Je nach gew\u00e4hltem Tarif umfasst unser Service:<\/p>\n<ul>\n<li>Regelm\u00e4\u00dfige WordPress-Kern-Updates<\/li>\n<li>Plugin- und Themen-Updates<\/li>\n<li>Sichere und automatisierte Backups<\/li>\n<li>Malware-Scans und Sicherheits\u00fcberwachung<\/li>\n<li>Leistungspr\u00fcfungen und Optimierungen<\/li>\n<li>\u00dcberwachung der Betriebszeit<\/li>\n<li>Technische Unterst\u00fctzung, wenn Sie sie brauchen<\/li>\n<\/ul>\n<p>Jede Aktualisierung wird behandelt <strong>sorgf\u00e4ltig und professionell<\/strong>, Dadurch wird sichergestellt, dass Ihre Website jederzeit stabil bleibt.<\/p>\n<p><strong>\u00a0Optimierung von Leistung und Geschwindigkeit<\/strong><\/p>\n<p>Eine langsame Website t\u00f6tet Konversionen.<\/p>\n<p>Wir sorgen daf\u00fcr, dass Ihre Website erhalten bleibt <strong>schnell, reaktionsschnell und optimiert<\/strong>, was dazu f\u00fchrt:<\/p>\n<ul>\n<li>Bessere Nutzererfahrung<\/li>\n<li>H\u00f6here Google-Rankings<\/li>\n<li>Mehr Konversionen und Verk\u00e4ufe<\/li>\n<\/ul>\n<p><strong>\u00a0Sicherheit, auf die Sie sich verlassen k\u00f6nnen<\/strong><\/p>\n<p>Cyber-Bedrohungen nehmen jeden Tag zu. Ohne angemessenen Schutz sind WordPress-Websites ein leichtes Ziel.<\/p>\n<p>Unsere Wartungspl\u00e4ne umfassen <strong>proaktive Sicherheitsma\u00dfnahmen<\/strong>, wie zum Beispiel:<\/p>\n<ul>\n<li>Kontinuierliche \u00dcberwachung<\/li>\n<li>Erkennung von Malware<\/li>\n<li>Vorbeugende Ma\u00dfnahmen gegen Angriffe<\/li>\n<li>Schnelle Wiederherstellung im Falle von Problemen<\/li>\n<\/ul>\n<p><strong>\u00a0Immer auf dem neuesten Stand, immer in Betrieb<\/strong><\/p>\n<p>Wir sorgen daf\u00fcr, dass Ihre Website immer funktioniert:<\/p>\n<p>\u2714 Aktualit\u00e4t<br \/>\n\u2714 Sicher<br \/>\n\u2714 Vollst\u00e4ndig funktionsf\u00e4hig<br \/>\n\u2714 Optimiert f\u00fcr Leistung<\/p>\n<p>Kein Stress. Keine technischen Kopfschmerzen. Keine unerwarteten Ausfallzeiten.<\/p>\n<p><strong>\u00a0Flexible Tarife f\u00fcr jede Website<\/strong><\/p>\n<p>Ob Sie eine einfache Unternehmenswebsite oder einen komplexen Webshop haben, wir bieten <strong>vier Wartungsstufen<\/strong>:<\/p>\n<ul>\n<li>Standard - Grundversorgung<\/li>\n<li>Bronze - stabil und sicher<\/li>\n<li>Silber - professionelle Leistung<\/li>\n<li>Gold - Premium-Vollservice<\/li>\n<\/ul>\n<p>So k\u00f6nnen Sie den Grad der Unterst\u00fctzung w\u00e4hlen, den Ihre Website wirklich ben\u00f6tigt.<\/p>\n<p><strong>\u00a0Wichtig<\/strong><\/p>\n<p>Eine WordPress-Website ohne Wartung ist gef\u00e4hrdet.<br \/>\nRegelm\u00e4\u00dfige Aktualisierungen, Backups und Sicherheitspr\u00fcfungen sind nicht optional - sie sind unerl\u00e4sslich, damit Ihre Website online und Ihr Unternehmen gesch\u00fctzt bleibt.<\/p>\n<p><strong>\u00a0Konzentrieren Sie sich auf Ihr Gesch\u00e4ft - wir k\u00fcmmern uns um den Rest<\/strong><\/p>\n<p>Anstatt sich um Updates, Fehler oder Sicherheitsprobleme zu k\u00fcmmern, k\u00f6nnen Sie sich auf das Wesentliche konzentrieren:<\/p>\n<p>Ihr Unternehmen wachsen lassen<br \/>\nIm Dienste Ihrer Kunden<br \/>\nMehr Einnahmen generieren<\/p>\n<p>Wir k\u00fcmmern uns um alles hinter den Kulissen.<\/p>\n<p><strong>\u00a0W\u00e4hlen Sie Peace of Mind<\/strong><\/p>\n<p>Mit der WordPress-Wartung von JDMWEBS kaufen Sie nicht nur eine Dienstleistung - Sie investieren in <strong>Stabilit\u00e4t, Sicherheit und langfristiger Erfolg<\/strong>.<\/p>\n<p>&nbsp;<\/p>","protected":false},"excerpt":{"rendered":"<ul>\n<li data-section-id=\"iqwfwn\" data-start=\"1507\" data-end=\"1549\">\n<ul>\n<li data-section-id=\"iqwfwn\" data-start=\"1507\" data-end=\"1549\">\n<ul>\n<li data-section-id=\"w3g5sv\" data-start=\"2076\" data-end=\"2117\">\n<ul>\n<li data-section-id=\"gji3l5\" data-start=\"2729\" data-end=\"2793\">\n<ul>\n<li data-section-id=\"gji3l5\" data-start=\"2729\" data-end=\"2793\">\n<p data-start=\"2731\" data-end=\"2793\">WordPress-Kern-Updates: <strong data-start=\"2755\" data-end=\"2793\">Sicherheitsaktualisierungen innerhalb von 48 Stunden<\/strong><\/p>\n<\/li>\n<li data-section-id=\"1e63umf\" data-start=\"2794\" data-end=\"2827\">\n<p data-start=\"2796\" data-end=\"2827\">Plugin-Aktualisierungen: <strong data-start=\"2812\" data-end=\"2827\">2\u00d7 pro Woche<\/strong><\/p>\n<\/li>\n<li data-section-id=\"btr9jz\" data-start=\"2828\" data-end=\"2860\">\n<p data-start=\"2830\" data-end=\"2860\">Aktualisierungen des Themas: <strong data-start=\"2845\" data-end=\"2860\">2\u00d7 pro Woche<\/strong><\/p>\n<\/li>\n<li data-section-id=\"143c5n1\" data-start=\"2861\" data-end=\"2901\">\n<p data-start=\"2863\" data-end=\"2901\">Sicherung: <strong data-start=\"2871\" data-end=\"2901\">T\u00e4gliche + Offsite-Sicherung<\/strong><\/p>\n<\/li>\n<li data-section-id=\"ry1o3a\" data-start=\"2902\" data-end=\"2933\">\n<p data-start=\"2904\" data-end=\"2933\">\u00dcberwachung der Sicherheit: <strong data-start=\"2925\" data-end=\"2933\">24\/7<\/strong><\/p>\n<\/li>\n<li data-section-id=\"w59dlo\" data-start=\"2934\" data-end=\"2963\">\n<p data-start=\"2936\" data-end=\"2963\">Malware-Scan: <strong data-start=\"2950\" data-end=\"2963\">t\u00e4glich<\/strong><\/p>\n<\/li>\n<li data-section-id=\"nefwj7\" data-start=\"2964\" data-end=\"2989\">\n<p data-start=\"2966\" data-end=\"2989\">Hack-Reparatur inklusive<\/p>\n<\/li>\n<li data-section-id=\"ybdy1y\" data-start=\"2990\" data-end=\"3028\">\n<p data-start=\"2992\" data-end=\"3028\">\u00dcberwachung der Betriebszeit: <strong data-start=\"3011\" data-end=\"3028\">24\/7 + Alarme<\/strong><\/p>\n<\/li>\n<li data-section-id=\"5y8bl9\" data-start=\"3029\" data-end=\"3074\">\n<p data-start=\"3031\" data-end=\"3074\">Optimierung der Leistung: <strong data-start=\"3058\" data-end=\"3074\">1\u00d7 pro Monat<\/strong><\/p>\n<\/li>\n<li data-section-id=\"c29ixc\" data-start=\"3075\" data-end=\"3117\">\n<p data-start=\"3077\" data-end=\"3117\">Optimierung der Datenbanken: <strong data-start=\"3101\" data-end=\"3117\">1\u00d7 pro Monat<\/strong><\/p>\n<\/li>\n<li data-section-id=\"1s3z7nf\" data-start=\"3118\" data-end=\"3142\">\n<p data-start=\"3120\" data-end=\"3142\">\u00dcberwachung fehlerhafter Links<\/p>\n<\/li>\n<li data-section-id=\"lotvw7\" data-start=\"3143\" data-end=\"3165\">\n<p data-start=\"3145\" data-end=\"3165\">Technische SEO-Pr\u00fcfung<\/p>\n<\/li>\n<li data-section-id=\"ythqpp\" data-start=\"3166\" data-end=\"3188\">\n<p data-start=\"3168\" data-end=\"3188\">Test der Aktualisierungen im Staging-Modus<\/p>\n<\/li>\n<li data-section-id=\"fhht4r\" data-start=\"3189\" data-end=\"3219\">\n<p data-start=\"3191\" data-end=\"3219\">Unterst\u00fctzung: <strong data-start=\"3200\" data-end=\"3219\">4 Stunden pro Monat<\/strong><\/p>\n<\/li>\n<li data-section-id=\"4kzpir\" data-start=\"3220\" data-end=\"3241\">\n<p data-start=\"3222\" data-end=\"3241\">Vorrangige Unterst\u00fctzung<\/p>\n<\/li>\n<\/ul>\n<\/li>\n<\/ul>\n<\/li>\n<\/ul>\n<\/li>\n<\/ul>\n<\/li>\n<\/ul>","protected":false},"featured_media":20855,"comment_status":"open","ping_status":"closed","template":"","meta":[],"product_brand":[],"product_cat":[90],"product_tag":[],"class_list":{"0":"post-20677","1":"product","2":"type-product","3":"status-publish","4":"has-post-thumbnail","6":"product_cat-wordpress-maintenance","8":"first","9":"instock","10":"taxable","11":"shipping-taxable","12":"purchasable","13":"product-type-subscription"},"_links":{"self":[{"href":"https:\/\/jdmwebs.com\/de\/wp-json\/wp\/v2\/product\/20677","targetHints":{"allow":["GET"]}}],"collection":[{"href":"https:\/\/jdmwebs.com\/de\/wp-json\/wp\/v2\/product"}],"about":[{"href":"https:\/\/jdmwebs.com\/de\/wp-json\/wp\/v2\/types\/product"}],"replies":[{"embeddable":true,"href":"https:\/\/jdmwebs.com\/de\/wp-json\/wp\/v2\/comments?post=20677"}],"version-history":[{"count":3,"href":"https:\/\/jdmwebs.com\/de\/wp-json\/wp\/v2\/product\/20677\/revisions"}],"predecessor-version":[{"id":21064,"href":"https:\/\/jdmwebs.com\/de\/wp-json\/wp\/v2\/product\/20677\/revisions\/21064"}],"wp:featuredmedia":[{"embeddable":true,"href":"https:\/\/jdmwebs.com\/de\/wp-json\/wp\/v2\/media\/20855"}],"wp:attachment":[{"href":"https:\/\/jdmwebs.com\/de\/wp-json\/wp\/v2\/media?parent=20677"}],"wp:term":[{"taxonomy":"product_brand","embeddable":true,"href":"https:\/\/jdmwebs.com\/de\/wp-json\/wp\/v2\/product_brand?post=20677"},{"taxonomy":"product_cat","embeddable":true,"href":"https:\/\/jdmwebs.com\/de\/wp-json\/wp\/v2\/product_cat?post=20677"},{"taxonomy":"product_tag","embeddable":true,"href":"https:\/\/jdmwebs.com\/de\/wp-json\/wp\/v2\/product_tag?post=20677"}],"curies":[{"name":"wp","href":"https:\/\/api.w.org\/{rel}","templated":true}]}}