{"id":1910,"date":"2024-04-17T03:28:54","date_gmt":"2024-04-17T03:28:54","guid":{"rendered":"https:\/\/gfxpartner.com\/growla-2\/?page_id=1910"},"modified":"2026-03-29T06:51:32","modified_gmt":"2026-03-29T04:51:32","slug":"travaux-1","status":"publish","type":"page","link":"https:\/\/jdmwebs.com\/fr\/works-1\/","title":{"rendered":"Travaux"},"content":{"rendered":"<div data-elementor-type=\"wp-page\" data-elementor-id=\"1910\" class=\"elementor elementor-1910\" wpc-filter-elementor-widget=\"1\" data-elementor-post-type=\"page\">\n\t\t\t\t<div class=\"elementor-element elementor-element-4e636a6 e-flex e-con-boxed e-con e-parent\" data-id=\"4e636a6\" data-element_type=\"container\" data-e-type=\"container\">\n\t\t\t\t\t<div class=\"e-con-inner\">\n\t\t\t\t<div class=\"elementor-element elementor-element-952dbbe elementor-widget elementor-widget-growla_projects\" data-id=\"952dbbe\" data-element_type=\"widget\" data-e-type=\"widget\" data-widget_type=\"growla_projects.default\">\n\t\t\t\t<div class=\"elementor-widget-container\">\n\t\t\t\t\t        <div class=\"project-list\">\r\n                    <div class=\"project-list-header\">\r\n            \t<div class=\"growla-heading\">\r\n        <h6 class=\"growla-heading--sub mini-heading-02\">\r\n\r\n                            \/\/ TRAVAUX                        \r\n        <\/h6>\r\n\r\n                    <div class=\"growla-heading--content\">\r\n                <p>Un produit et des solutions \u00e9tonnantes avec d'excellents r\u00e9sultats.<\/p>            <\/div>    \r\n            <\/div>\r\n\t\r\n                        <div class=\"project-list-layout-switcher\">\r\n                <div class=\"project-list-layout-vertical\">\r\n                    <svg xmlns=\"http:\/\/www.w3.org\/2000\/svg\" viewbox=\"0 0 24 24\"><title>format-colonnes<\/title><path d=\"M3,3H11V5H3V3M13,3H21V5H13V3M3,7H11V9H3V7M13,7H21V9H13V7M3,11H11V13H3V11M13,11H21V13H13V11M3,15H11V17H3V15M13,15H21V17H13V15M3,19H11V21H3V19M13,19H21V21H13V19Z\" \/><\/svg>\r\n                <\/div>\r\n                <div class=\"project-list-layout-horizontal project-list-layout-active\">\r\n                    <svg xmlns=\"http:\/\/www.w3.org\/2000\/svg\" viewbox=\"0 0 24 24\"><title>format-align-justify<\/title><path d=\"M3,3H21V5H3V3M3,7H21V9H3V7M3,11H21V13H3V11M3,15H21V17H3V15M3,19H21V21H3V19Z\" \/><\/svg>\r\n                <\/div>\r\n            <\/div>\r\n                    <\/div>\r\n            <div class=\"project-list-wrapper project-list-horizontal\" data-max=\"9\" data-nonce=\"d4a372534c\">\r\n            <a href=\"https:\/\/jdmwebs.com\/fr\/project\/musicvideo\/\" class=\"project-single project-single-horizontal\">\r\n    \t\t<div class=\"post-thumbnail\">\r\n            \t\t\r\n                <img fetchpriority=\"high\" decoding=\"async\" width=\"1280\" height=\"720\" src=\"https:\/\/jdmwebs.com\/wp-content\/uploads\/2026\/03\/FV1-gif.gif\" class=\"attachment-full size-full wp-post-image\" alt=\"Vid\u00e9o musicale\" \/>\r\n                    <\/div>\r\n\t\t\r\n    <div class=\"project-content\">\r\n                    <h4>Vid\u00e9o musicale<\/h4> \r\n        \r\n                    <p class=\"mini-paragraph categories\">\r\n                Animation            <\/p>\r\n                \r\n        <div class=\"project-icon\">\r\n            <svg xmlns=\"http:\/\/www.w3.org\/2000\/svg\" viewbox=\"0 0 24 24\"><title>fl\u00e8che-droite<\/title><path d=\"M4,11V13H16L10.5,18.5L11.92,19.92L19.84,12L11.92,4.08L10.5,5.5L16,11H4Z\" \/><\/svg>\r\n        <\/div>\r\n    <\/div>\r\n<\/a><a href=\"https:\/\/jdmwebs.com\/fr\/project\/boosttaps\/\" class=\"project-single project-single-horizontal\">\r\n    \t\t<div class=\"post-thumbnail\">\r\n            \t\t\r\n                <img decoding=\"async\" width=\"800\" height=\"600\" src=\"https:\/\/jdmwebs.com\/wp-content\/uploads\/2024\/05\/Boostaps.com-Coaching-Website.gif\" class=\"attachment-full size-full wp-post-image\" alt=\"Site web de Boosttaps Coaching\" \/>\r\n                    <\/div>\r\n\t\t\r\n    <div class=\"project-content\">\r\n                    <h4>Site web de Boosttaps Coaching<\/h4> \r\n        \r\n                    <p class=\"mini-paragraph categories\">\r\n                Conception de sites web            <\/p>\r\n                \r\n        <div class=\"project-icon\">\r\n            <svg xmlns=\"http:\/\/www.w3.org\/2000\/svg\" viewbox=\"0 0 24 24\"><title>fl\u00e8che-droite<\/title><path d=\"M4,11V13H16L10.5,18.5L11.92,19.92L19.84,12L11.92,4.08L10.5,5.5L16,11H4Z\" \/><\/svg>\r\n        <\/div>\r\n    <\/div>\r\n<\/a><a href=\"https:\/\/jdmwebs.com\/fr\/project\/amkiz\/\" class=\"project-single project-single-horizontal\">\r\n    \t\t<div class=\"post-thumbnail\">\r\n            \t\t\r\n                <img decoding=\"async\" width=\"800\" height=\"600\" src=\"https:\/\/jdmwebs.com\/wp-content\/uploads\/2024\/05\/DJ-AMKIZ.gif\" class=\"attachment-full size-full wp-post-image\" alt=\"Site web de DJ AMKIZ\" srcset=\"https:\/\/jdmwebs.com\/wp-content\/uploads\/2024\/05\/DJ-AMKIZ.gif 800w, https:\/\/jdmwebs.com\/wp-content\/uploads\/2024\/05\/DJ-AMKIZ-300x225.gif 300w, https:\/\/jdmwebs.com\/wp-content\/uploads\/2024\/05\/DJ-AMKIZ-600x450.gif 600w\" sizes=\"(max-width: 800px) 100vw, 800px\" \/>\r\n                    <\/div>\r\n\t\t\r\n    <div class=\"project-content\">\r\n                    <h4>Site web de DJ AMKIZ<\/h4> \r\n        \r\n                    <p class=\"mini-paragraph categories\">\r\n                Conception de sites web            <\/p>\r\n                \r\n        <div class=\"project-icon\">\r\n            <svg xmlns=\"http:\/\/www.w3.org\/2000\/svg\" viewbox=\"0 0 24 24\"><title>fl\u00e8che-droite<\/title><path d=\"M4,11V13H16L10.5,18.5L11.92,19.92L19.84,12L11.92,4.08L10.5,5.5L16,11H4Z\" \/><\/svg>\r\n        <\/div>\r\n    <\/div>\r\n<\/a><a href=\"https:\/\/jdmwebs.com\/fr\/project\/printandpour\/\" class=\"project-single project-single-horizontal\">\r\n    \t\t<div class=\"post-thumbnail\">\r\n            \t\t\r\n                <img loading=\"lazy\" decoding=\"async\" width=\"800\" height=\"600\" src=\"https:\/\/jdmwebs.com\/wp-content\/uploads\/2024\/05\/Candles.gif\" class=\"attachment-full size-full wp-post-image\" alt=\"Site web Print &amp; Pour\" srcset=\"https:\/\/jdmwebs.com\/wp-content\/uploads\/2024\/05\/Candles.gif 800w, https:\/\/jdmwebs.com\/wp-content\/uploads\/2024\/05\/Candles-300x225.gif 300w, https:\/\/jdmwebs.com\/wp-content\/uploads\/2024\/05\/Candles-600x450.gif 600w\" sizes=\"(max-width: 800px) 100vw, 800px\" \/>\r\n                    <\/div>\r\n\t\t\r\n    <div class=\"project-content\">\r\n                    <h4>Site web Print &amp; Pour<\/h4> \r\n        \r\n                    <p class=\"mini-paragraph categories\">\r\n                Conception de sites web            <\/p>\r\n                \r\n        <div class=\"project-icon\">\r\n            <svg xmlns=\"http:\/\/www.w3.org\/2000\/svg\" viewbox=\"0 0 24 24\"><title>fl\u00e8che-droite<\/title><path d=\"M4,11V13H16L10.5,18.5L11.92,19.92L19.84,12L11.92,4.08L10.5,5.5L16,11H4Z\" \/><\/svg>\r\n        <\/div>\r\n    <\/div>\r\n<\/a><a href=\"https:\/\/jdmwebs.com\/fr\/project\/interact\/\" class=\"project-single project-single-horizontal\">\r\n    \t\t<div class=\"post-thumbnail\">\r\n            \t\t\r\n                <img loading=\"lazy\" decoding=\"async\" width=\"800\" height=\"600\" src=\"https:\/\/jdmwebs.com\/wp-content\/uploads\/2024\/05\/commercial.gif\" class=\"attachment-full size-full wp-post-image\" alt=\"Formulaire de contact interactif.\" \/>\r\n                    <\/div>\r\n\t\t\r\n    <div class=\"project-content\">\r\n                    <h4>Formulaire de contact interactif.<\/h4> \r\n        \r\n                    <p class=\"mini-paragraph categories\">\r\n                Animation - Entreprise - Cr\u00e9ation de contenu - Marketing            <\/p>\r\n                \r\n        <div class=\"project-icon\">\r\n            <svg xmlns=\"http:\/\/www.w3.org\/2000\/svg\" viewbox=\"0 0 24 24\"><title>fl\u00e8che-droite<\/title><path d=\"M4,11V13H16L10.5,18.5L11.92,19.92L19.84,12L11.92,4.08L10.5,5.5L16,11H4Z\" \/><\/svg>\r\n        <\/div>\r\n    <\/div>\r\n<\/a><a href=\"https:\/\/jdmwebs.com\/fr\/project\/commercial\/\" class=\"project-single project-single-horizontal\">\r\n    \t\t<div class=\"post-thumbnail\">\r\n            \t\t\r\n                <img loading=\"lazy\" decoding=\"async\" width=\"800\" height=\"600\" src=\"https:\/\/jdmwebs.com\/wp-content\/uploads\/2024\/05\/commercial-1.gif\" class=\"attachment-full size-full wp-post-image\" alt=\"Publicit\u00e9.\" \/>\r\n                    <\/div>\r\n\t\t\r\n    <div class=\"project-content\">\r\n                    <h4>Publicit\u00e9.<\/h4> \r\n        \r\n                    <p class=\"mini-paragraph categories\">\r\n                Animation - Entreprise - Publicit\u00e9 - Cr\u00e9ation de contenu - Design - Marketing num\u00e9rique - Marketing            <\/p>\r\n                \r\n        <div class=\"project-icon\">\r\n            <svg xmlns=\"http:\/\/www.w3.org\/2000\/svg\" viewbox=\"0 0 24 24\"><title>fl\u00e8che-droite<\/title><path d=\"M4,11V13H16L10.5,18.5L11.92,19.92L19.84,12L11.92,4.08L10.5,5.5L16,11H4Z\" \/><\/svg>\r\n        <\/div>\r\n    <\/div>\r\n<\/a><a href=\"https:\/\/jdmwebs.com\/fr\/project\/ebook\/\" class=\"project-single project-single-horizontal\">\r\n    \t\t<div class=\"post-thumbnail\">\r\n            \t\t\r\n                <img loading=\"lazy\" decoding=\"async\" width=\"800\" height=\"600\" src=\"https:\/\/jdmwebs.com\/wp-content\/uploads\/2024\/05\/books.gif\" class=\"attachment-full size-full wp-post-image\" alt=\"E-Book \/ Audiobook.\" \/>\r\n                    <\/div>\r\n\t\t\r\n    <div class=\"project-content\">\r\n                    <h4>E-Book \/ Audiobook.<\/h4> \r\n        \r\n                    <p class=\"mini-paragraph categories\">\r\n                Business - Cr\u00e9ation de contenu - Marketing num\u00e9rique - E-book \/ Audiobook            <\/p>\r\n                \r\n        <div class=\"project-icon\">\r\n            <svg xmlns=\"http:\/\/www.w3.org\/2000\/svg\" viewbox=\"0 0 24 24\"><title>fl\u00e8che-droite<\/title><path d=\"M4,11V13H16L10.5,18.5L11.92,19.92L19.84,12L11.92,4.08L10.5,5.5L16,11H4Z\" \/><\/svg>\r\n        <\/div>\r\n    <\/div>\r\n<\/a><a href=\"https:\/\/jdmwebs.com\/fr\/project\/podcast\/\" class=\"project-single project-single-horizontal\">\r\n    \t\t<div class=\"post-thumbnail\">\r\n            \t\t\r\n                <img loading=\"lazy\" decoding=\"async\" width=\"800\" height=\"600\" src=\"https:\/\/jdmwebs.com\/wp-content\/uploads\/2024\/05\/podcast.gif\" class=\"attachment-full size-full wp-post-image\" alt=\"Podcasts.\" \/>\r\n                    <\/div>\r\n\t\t\r\n    <div class=\"project-content\">\r\n                    <h4>Podcasts.<\/h4> \r\n        \r\n                    <p class=\"mini-paragraph categories\">\r\n                R\u00e9daction - Conception UI\/UX            <\/p>\r\n                \r\n        <div class=\"project-icon\">\r\n            <svg xmlns=\"http:\/\/www.w3.org\/2000\/svg\" viewbox=\"0 0 24 24\"><title>fl\u00e8che-droite<\/title><path d=\"M4,11V13H16L10.5,18.5L11.92,19.92L19.84,12L11.92,4.08L10.5,5.5L16,11H4Z\" \/><\/svg>\r\n        <\/div>\r\n    <\/div>\r\n<\/a>        <\/div>\r\n            <div class=\"load-more-row\">\r\n            <a\r\n            href=\"https:\/\/jdmwebs.com\/fr\/wp-admin\/admin-ajax.php\"\r\n            class=\"growla-button-border load-more-button gfx-titan-preloader-ignore\">\r\n                <span>EN SAVOIR PLUS<\/span>\r\n                                    <span class=\"icon\">\r\n                                            <\/span>\r\n                            <\/a>\r\n        <\/div>\r\n                <\/div>\r\n    \t\t\t\t<\/div>\n\t\t\t\t<\/div>\n\t\t\t\t\t<\/div>\n\t\t\t\t<\/div>\n\t\t\t\t<\/div>","protected":false},"excerpt":{"rendered":"<p>\/\/ WORKS Amazing product &amp; solutions with excellent results. format-columns format-align-justify Boosttaps Coaching Website Webdesign arrow-right DJ AMKIZ Website Webdesign arrow-right Print &#038; Pour Website Webdesign arrow-right Interactive Contact Form. Animation \u00b7 Business \u00b7 Content Creation \u00b7 Marketing arrow-right Commercials. Animation \u00b7 Business \u00b7 Commercials \u00b7 Content Creation \u00b7 Design \u00b7 Digital Marketing \u00b7 Marketing [&hellip;]<\/p>\n","protected":false},"author":1,"featured_media":0,"parent":0,"menu_order":0,"comment_status":"closed","ping_status":"closed","template":"","meta":{"_monsterinsights_skip_tracking":false,"_monsterinsights_sitenote_active":false,"_monsterinsights_sitenote_note":"","_monsterinsights_sitenote_category":0,"footnotes":""},"class_list":["post-1910","page","type-page","status-publish","hentry"],"_links":{"self":[{"href":"https:\/\/jdmwebs.com\/fr\/wp-json\/wp\/v2\/pages\/1910","targetHints":{"allow":["GET"]}}],"collection":[{"href":"https:\/\/jdmwebs.com\/fr\/wp-json\/wp\/v2\/pages"}],"about":[{"href":"https:\/\/jdmwebs.com\/fr\/wp-json\/wp\/v2\/types\/page"}],"author":[{"embeddable":true,"href":"https:\/\/jdmwebs.com\/fr\/wp-json\/wp\/v2\/users\/1"}],"replies":[{"embeddable":true,"href":"https:\/\/jdmwebs.com\/fr\/wp-json\/wp\/v2\/comments?post=1910"}],"version-history":[{"count":15,"href":"https:\/\/jdmwebs.com\/fr\/wp-json\/wp\/v2\/pages\/1910\/revisions"}],"predecessor-version":[{"id":21182,"href":"https:\/\/jdmwebs.com\/fr\/wp-json\/wp\/v2\/pages\/1910\/revisions\/21182"}],"wp:attachment":[{"href":"https:\/\/jdmwebs.com\/fr\/wp-json\/wp\/v2\/media?parent=1910"}],"curies":[{"name":"wp","href":"https:\/\/api.w.org\/{rel}","templated":true}]}}