{"id":3,"date":"2024-10-23T02:45:02","date_gmt":"2024-10-23T02:45:02","guid":{"rendered":"https:\/\/demo.casethemes.net\/mouno\/?page_id=3"},"modified":"2026-03-11T22:28:01","modified_gmt":"2026-03-11T21:28:01","slug":"politique-de-confidentialite-2","status":"publish","type":"page","link":"https:\/\/jdmwebs.com\/fr\/privacy-policy\/","title":{"rendered":"Politique de confidentialit\u00e9"},"content":{"rendered":"<div data-elementor-type=\"wp-page\" data-elementor-id=\"3\" class=\"elementor elementor-3\" wpc-filter-elementor-widget=\"1\" data-elementor-post-type=\"page\">\n\t\t\t\t<div class=\"elementor-element elementor-element-41c3a6c2 e-flex e-con-boxed e-con e-parent\" data-id=\"41c3a6c2\" data-element_type=\"container\" data-e-type=\"container\">\n\t\t\t\t\t<div class=\"e-con-inner\">\n\t\t\t\t<div class=\"elementor-element elementor-element-54108700 elementor-widget elementor-widget-text-editor\" data-id=\"54108700\" data-element_type=\"widget\" data-e-type=\"widget\" data-widget_type=\"text-editor.default\">\n\t\t\t\t<div class=\"elementor-widget-container\">\n\t\t\t\t\t\t\t\t\t<p><strong>D\u00e9claration de confidentialit\u00e9 - JDMWEBS<\/strong><\/p><p>Chez JDMWEBS, nous attachons une grande importance \u00e0 votre vie priv\u00e9e et \u00e0 la protection de vos donn\u00e9es personnelles. Dans cette d\u00e9claration de confidentialit\u00e9, nous expliquons quelles donn\u00e9es nous collectons, pourquoi nous le faisons, comment elles sont utilis\u00e9es, combien de temps nous les conservons et quels sont les droits dont vous disposez en vertu du RGPD (R\u00e8glement g\u00e9n\u00e9ral sur la protection des donn\u00e9es).<\/p><p>\u00a0<\/p><p>En utilisant le site jdmwebs.com, vous acceptez la pr\u00e9sente d\u00e9claration de confidentialit\u00e9.<\/p><p>\u00a0<\/p><p>1. Qui est responsable de vos donn\u00e9es ?<\/p><p>JDMWEBS<br \/>Kapelstraat 165<br \/>9140 Steendorp<br \/>Belgique<br \/>\ud83d\udce7 info@jdmwebs.com<br \/>\ud83d\udcde +32 (0) 478 21 64 47<\/p><p>JDMWEBS agit en tant que responsable du traitement tel que d\u00e9fini dans le GDPR.<\/p><p>\u00a0<\/p><p>\u00a0<\/p><p>2. Quelles sont les donn\u00e9es \u00e0 caract\u00e8re personnel que nous collectons ?<\/p><p>Nous ne recueillons que les donn\u00e9es n\u00e9cessaires \u00e0 l'ex\u00e9cution de nos services ou pour vous fournir des informations exactes.<\/p><p>\u00a0<\/p><p>2.1 Donn\u00e9es que vous nous fournissez directement<\/p><p>Nom et pr\u00e9nom<\/p><p>Coordonn\u00e9es<\/p><p>Adresse \u00e9lectronique<\/p><p>Num\u00e9ro de t\u00e9l\u00e9phone<\/p><p>Nom de l'entreprise et num\u00e9ro de TVA (le cas \u00e9ch\u00e9ant)<\/p><p>Les informations que vous fournissez par le biais de formulaires de contact<\/p><p>D\u00e9tails de la commande<\/p><p>Donn\u00e9es de connexion \u00e0 votre compte client<\/p><p>le contenu des courriels ou des messages de chat que vous nous envoyez<\/p><p>\u00a0<\/p><p>2.2 Donn\u00e9es collect\u00e9es automatiquement<\/p><p>Lorsque vous visitez notre site web, nous collectons automatiquement des donn\u00e9es :<\/p><p>Adresse IP<\/p><p>D\u00e9tails du navigateur<\/p><p>Informations sur l'appareil et la session<\/p><p>Cookies<\/p><p>Donn\u00e9es statistiques sur l'utilisation du site web<\/p><p>Pages visit\u00e9es<\/p><p>\u00a0<\/p><p>2.3 Donn\u00e9es de tiers<\/p><p>Cela se produit lorsque :<\/p><p>vous payez par l'interm\u00e9diaire d'un prestataire de services de paiement externe<\/p><p>vous reliez des services \u00e0 des plates-formes externes (par exemple, Google, Meta, syst\u00e8mes d'intelligence artificielle)<\/p><p>nous utilisons des outils d'analyse, de publicit\u00e9 ou de s\u00e9curit\u00e9<\/p><p>\u00a0<\/p><p>\u00a0<\/p><p>3. Pourquoi recueillons-nous vos donn\u00e9es ?<\/p><p>Nous traitons vos donn\u00e9es personnelles aux fins suivantes :<\/p><p>\u00a0<\/p><p>3.1 Pour \u00eatre en mesure de fournir nos services correctement<\/p><p>Conception, d\u00e9veloppement ou maintenance de sites web<\/p><p>H\u00e9bergement ou gestion de domaine<\/p><p>Produits num\u00e9riques et t\u00e9l\u00e9chargements<\/p><p>Cours et applications en ligne<\/p><p>Solutions d'IA ou automatismes<\/p><p>Facturation et administration<\/p><p>\u00a0<\/p><p>3.2 Pour vous soutenir<\/p><p>Service \u00e0 la client\u00e8le<\/p><p>Devis et mises \u00e0 jour des projets<\/p><p>Gestion des comptes<\/p><p>Support technique<\/p><p>\u00a0<\/p><p>3.3 Pour la communication et le marketing<\/p><p>Bulletins d'information (uniquement avec votre consentement)<\/p><p>Promotions et offres sp\u00e9ciales<\/p><p>Messages pertinents sur les services<\/p><p>\u00a0<\/p><p>3.4 Pour la s\u00e9curit\u00e9 et l'optimisation du site web<\/p><p>Pr\u00e9vention de la fraude<\/p><p>Analyse du comportement des utilisateurs<\/p><p>Am\u00e9lioration de la fonctionnalit\u00e9 et de la performance<\/p><p>Nous ne traitons jamais plus de donn\u00e9es que ce qui est strictement n\u00e9cessaire.<\/p><p>\u00a0<\/p><p>\u00a0<\/p><p>4. Sur quelle base juridique nous traitons vos donn\u00e9es ?<\/p><p>Conform\u00e9ment au GDPR, nous traitons les donn\u00e9es sur la base de :<\/p><p>Ex\u00e9cution d'un accord (par exemple, commande ou service)<\/p><p>Obligation l\u00e9gale (par exemple, comptabilit\u00e9)<\/p><p>Int\u00e9r\u00eat l\u00e9gitime (par exemple, s\u00e9curit\u00e9 du site web, marketing aupr\u00e8s des clients existants)<\/p><p>Consentement (par exemple, lettre d'information, cookies)<\/p><p>Vous pouvez retirer votre consentement \u00e0 tout moment par courrier \u00e9lectronique ou via le lien d'exclusion.<\/p><p>\u00a0<\/p><p>\u00a0<\/p><p>5. Combien de temps conservons-nous vos donn\u00e9es ?<\/p><p>Nous ne conservons jamais vos donn\u00e9es plus longtemps que n\u00e9cessaire :<\/p><p>Donn\u00e9es relatives aux clients : max. 7 ans (obligation comptable)<\/p><p>Demandes de contact : max. 12 mois<\/p><p>Donn\u00e9es du bulletin d'information : jusqu'\u00e0 ce que vous vous d\u00e9sinscriviez<\/p><p>Donn\u00e9es sur les projets et les services : tant que vous \u00eates client<\/p><p>Cookies : conform\u00e9ment aux conditions applicables en mati\u00e8re de cookies<\/p><p>Sauvegardes : conform\u00e9ment aux proc\u00e9dures de s\u00e9curit\u00e9 internes<\/p><p>Vous pouvez toujours demander que vos donn\u00e9es soient supprim\u00e9es, sauf si nous sommes l\u00e9galement oblig\u00e9s de les conserver.<\/p><p>\u00a0<\/p><p>\u00a0<\/p><p>6. Avec qui partageons-nous vos donn\u00e9es ?<\/p><p>Vos donn\u00e9es ne seront jamais vendues.<\/p><p>Nous ne les partageons qu'avec des prestataires de services fiables qui sont n\u00e9cessaires :<\/p><p>H\u00e9bergement et gestion de sites web<\/p><p>Prestataires de services de paiement<\/p><p>Logiciel de comptabilit\u00e9<\/p><p>Plateformes de marketing par courrier \u00e9lectronique<\/p><p>Outils de s\u00e9curit\u00e9<\/p><p>Logiciel de gestion de projet et de flux de travail<\/p><p>Solutions d'IA (le cas \u00e9ch\u00e9ant, toujours sans donn\u00e9es inutiles)<\/p><p>Tous les partenaires se conforment au GDPR et nous avons des accords de traitement si n\u00e9cessaire.<\/p><p>\u00a0<\/p><p>\u00a0<\/p><p>7. S\u00e9curit\u00e9 des donn\u00e9es<\/p><p>Nous prenons des mesures techniques et organisationnelles appropri\u00e9es, y compris :<\/p><p>Cryptage SSL<\/p><p>Serveurs s\u00e9curis\u00e9s<\/p><p>Gestion des mots de passe et des acc\u00e8s<\/p><p>Syst\u00e8mes anti-malware<\/p><p>Proc\u00e9dures de s\u00e9curit\u00e9 internes<\/p><p>Traitement minimal des donn\u00e9es<\/p><p>Sauvegardes crypt\u00e9es<\/p><p>Mises \u00e0 jour r\u00e9guli\u00e8res de la s\u00e9curit\u00e9<\/p><p>Malgr\u00e9 ces mesures, aucun syst\u00e8me ne peut garantir la s\u00e9curit\u00e9 de 100%, mais nous faisons tout notre possible pour minimiser les risques.<\/p><p>\u00a0<\/p><p>\u00a0<\/p><p>8. Cookies<\/p><p>Notre site Internet utilise des cookies pour :<\/p><p>Objectifs fonctionnels<\/p><p>Analyse statistique (par exemple, Google Analytics)<\/p><p>Marketing et remarketing (p. ex. Meta Pixel)<\/p><p>Lors de votre premi\u00e8re visite, une banni\u00e8re de cookies appara\u00eetra pour vous permettre de d\u00e9finir vos pr\u00e9f\u00e9rences.<br \/>Vous pouvez supprimer ou bloquer les cookies \u00e0 tout moment via les param\u00e8tres de votre navigateur.<\/p><p>\u00a0<\/p><p>\u00a0<\/p><p>9. Vos droits en vertu du GDPR<\/p><p>Vous en avez toujours le droit :<\/p><p>acc\u00e9der \u00e0 vos donn\u00e9es<\/p><p>demande de correction<\/p><p>faire effacer les donn\u00e9es (\u201cdroit \u00e0 l'oubli\u201d)<\/p><p>limiter la transformation<\/p><p>demander le transfert de vos donn\u00e9es<\/p><p>s'opposer au traitement<\/p><p>retirer son consentement<\/p><p>d\u00e9poser une plainte aupr\u00e8s de l'autorit\u00e9 charg\u00e9e de la protection des donn\u00e9es (DPA)<\/p><p>Coordonn\u00e9es de la DPA :<\/p><p>Autorit\u00e9 de protection des donn\u00e9es<br \/>Drukpersstraat 35<br \/>1000 Bruxelles<br \/>www.gegevensbeschermingsautoriteit.be<\/p><p>Nous r\u00e9pondons toujours dans le d\u00e9lai l\u00e9gal de 30 jours.<\/p><p>\u00a0<\/p><p>\u00a0<\/p><p>10. Mineurs<\/p><p>Nos services ne sont pas destin\u00e9s aux enfants de moins de 16 ans.<br \/>Nous ne traitons jamais sciemment les donn\u00e9es de mineurs sans le consentement des parents.<\/p><p>\u00a0<\/p><p>\u00a0<\/p><p>11. Modifications de la pr\u00e9sente d\u00e9claration de confidentialit\u00e9<\/p><p>JDMWEBS se r\u00e9serve le droit de modifier cette d\u00e9claration.<br \/>La version la plus r\u00e9cente est toujours disponible sur cette page.<br \/>Vous serez inform\u00e9 par courrier \u00e9lectronique en cas de changements significatifs.<\/p><p>\u00a0<\/p><p>\u00a0<\/p><p>12. Contact<\/p><p>Vous avez des questions sur notre politique de confidentialit\u00e9 ?<\/p><p>\ud83d\udce7 info@jdmwebs.com<br \/>\ud83d\udcde +32 (0) 478 21 64 47<br \/>\ud83d\udccd Kapelstraat 165, 9140 Steendorp, Belgique<\/p><p>\u00a0<\/p>\t\t\t\t\t\t\t\t<\/div>\n\t\t\t\t<\/div>\n\t\t\t\t\t<\/div>\n\t\t\t\t<\/div>\n\t\t\t\t<\/div>","protected":false},"excerpt":{"rendered":"<p>Privacy Statement \u2013 JDMWEBS At JDMWEBS, we attach great importance to your privacy and the protection of your personal data. In this privacy statement, we explain what data we collect, why we do so, how it is used, how long we store it, and what rights you have under the GDPR (General Data Protection Regulation). [&hellip;]<\/p>\n","protected":false},"author":1,"featured_media":0,"parent":0,"menu_order":0,"comment_status":"closed","ping_status":"open","template":"","meta":{"_monsterinsights_skip_tracking":false,"_monsterinsights_sitenote_active":false,"_monsterinsights_sitenote_note":"","_monsterinsights_sitenote_category":0,"footnotes":""},"class_list":["post-3","page","type-page","status-publish","hentry"],"_links":{"self":[{"href":"https:\/\/jdmwebs.com\/fr\/wp-json\/wp\/v2\/pages\/3","targetHints":{"allow":["GET"]}}],"collection":[{"href":"https:\/\/jdmwebs.com\/fr\/wp-json\/wp\/v2\/pages"}],"about":[{"href":"https:\/\/jdmwebs.com\/fr\/wp-json\/wp\/v2\/types\/page"}],"author":[{"embeddable":true,"href":"https:\/\/jdmwebs.com\/fr\/wp-json\/wp\/v2\/users\/1"}],"replies":[{"embeddable":true,"href":"https:\/\/jdmwebs.com\/fr\/wp-json\/wp\/v2\/comments?post=3"}],"version-history":[{"count":4,"href":"https:\/\/jdmwebs.com\/fr\/wp-json\/wp\/v2\/pages\/3\/revisions"}],"predecessor-version":[{"id":19738,"href":"https:\/\/jdmwebs.com\/fr\/wp-json\/wp\/v2\/pages\/3\/revisions\/19738"}],"wp:attachment":[{"href":"https:\/\/jdmwebs.com\/fr\/wp-json\/wp\/v2\/media?parent=3"}],"curies":[{"name":"wp","href":"https:\/\/api.w.org\/{rel}","templated":true}]}}