{"id":20709,"date":"2026-03-15T20:26:50","date_gmt":"2026-03-15T19:26:50","guid":{"rendered":"https:\/\/jdmwebs.com\/?post_type=product&#038;p=20709"},"modified":"2026-03-22T15:46:32","modified_gmt":"2026-03-22T14:46:32","slug":"maintenance-linguistique-wordpress-8-langues-par-mois","status":"publish","type":"product","link":"https:\/\/jdmwebs.com\/fr\/product\/wordpress-language-maintenance-8-languages-monthly\/","title":{"rendered":"Maintenance des langues de WordPress - 8 langues - ..."},"content":{"rendered":"<p><strong>Maintenance linguistique - Maintenez votre site Web multilingue, pr\u00e9cis et \u00e0 jour<\/strong><\/p>\n<p>En optant pour un site web multilingue, vous ouvrez votre entreprise \u00e0 un public mondial. Mais l'ajout de langues suppl\u00e9mentaires n'est qu'une premi\u00e8re \u00e9tape : c'est la mise \u00e0 jour de ces langues qui rendra votre site Web professionnel, digne de confiance et efficace.<\/p>\n<p>Notre <strong>Service d'entretien linguistique<\/strong> garantit que chaque langue de votre site web reste exacte, synchronis\u00e9e et pleinement fonctionnelle \u00e0 tout moment.<\/p>\n<p><strong>Qu'est-ce que l'entretien des langues ?<\/strong><\/p>\n<p>Chaque fois que votre site web est modifi\u00e9 - qu'il s'agisse d'une nouvelle page, d'un contenu actualis\u00e9, de descriptions de produits, d'articles de blog ou de mises \u00e0 jour du syst\u00e8me - ces changements doivent \u00e9galement \u00eatre appliqu\u00e9s \u00e0 toutes les langues suppl\u00e9mentaires.<\/p>\n<p>Sans entretien ad\u00e9quat :<\/p>\n<ul>\n<li>Les traductions deviennent obsol\u00e8tes<\/li>\n<li>Les pages se d\u00e9synchronisent<\/li>\n<li>Les clients voient un contenu incomplet ou incorrect<\/li>\n<li>Votre site web perd de sa cr\u00e9dibilit\u00e9<\/li>\n<\/ul>\n<p>C'est exactement ce que nous emp\u00eachons.<\/p>\n<p><strong>Important : Faites correspondre vos langues<\/strong><\/p>\n<p>Pour garantir une coh\u00e9rence totale, <strong>vous devez acheter un plan de maintenance linguistique par langue suppl\u00e9mentaire sur votre site web<\/strong>.<\/p>\n<p>\u2714 1 langue suppl\u00e9mentaire \u2192 1 Maintenance des langues<br \/>\n\u2714 2 langues suppl\u00e9mentaires \u2192 2 Maintenance des langues<br \/>\n\u2714 3 langues suppl\u00e9mentaires \u2192 3 Maintenance des langues<\/p>\n<p>Cela permet de s'assurer que <strong>chaque langue re\u00e7oit l'attention, les mises \u00e0 jour et la synchronisation dont elle a besoin<\/strong>.<\/p>\n<p><strong>Qu'est-ce qui est inclus ?<\/strong><\/p>\n<p>Chaque plan d'entretien linguistique couvre<\/p>\n<ul>\n<li>\u00a0Synchronisation des pages traduites<\/li>\n<li>\u00a0Mise \u00e0 jour des traductions existantes en cas de modification du contenu<\/li>\n<li>\u00a0Traitement des traductions pour les contenus nouvellement ajout\u00e9s<\/li>\n<li>\u00a0Compatibilit\u00e9 permanente avec les outils\/plugins de traduction<\/li>\n<li>\u00a0Contr\u00f4le des traductions manquantes ou incompl\u00e8tes<\/li>\n<li>\u00a0Coh\u00e9rence entre les ordinateurs de bureau, les tablettes et les t\u00e9l\u00e9phones portables<\/li>\n<li>\u00a0Contr\u00f4le de la qualit\u00e9 pour une exp\u00e9rience multilingue professionnelle<\/li>\n<\/ul>\n<p><strong>\u00a0Pourquoi c'est essentiel<\/strong><\/p>\n<p>Un site web multilingue qui n'est pas entretenu correctement est comme un magasin dont les enseignes sont cass\u00e9es : les visiteurs s'y perdent et s'en vont.<\/p>\n<p>Avec entretien de la langue :<\/p>\n<ul>\n<li>Vous maintenez un <strong>image professionnelle internationale<\/strong><\/li>\n<li>Vous \u00e9vitez <strong>la perte de clients due \u00e0 de mauvaises traductions<\/strong><\/li>\n<li>Vous assurez <strong>Performances en mati\u00e8re de r\u00e9f\u00e9rencement dans plusieurs langues<\/strong><\/li>\n<li>Vous \u00e9conomisez <strong>du temps, de la frustration et des r\u00e9parations co\u00fbteuses par la suite<\/strong><\/li>\n<\/ul>\n<p><strong>\u00a0Conseil judicieux<\/strong><\/p>\n<p>La plupart des clients combinent l'entretien linguistique avec :<\/p>\n<ul>\n<li>Maintenance de WordPress<\/li>\n<li>H\u00e9bergement et s\u00e9curit\u00e9<\/li>\n<li>Mises \u00e0 jour du contenu<\/li>\n<\/ul>\n<p>Cela cr\u00e9e un <strong>syst\u00e8me de site web enti\u00e8rement automatis\u00e9 et sans souci<\/strong>.<\/p>\n<p><strong>\u00a0Notre promesse<\/strong><\/p>\n<p>Nous ne nous contentons pas de traduire : nous assurons la maintenance, le suivi et l'optimisation de votre site Web multilingue afin qu'il fonctionne exactement comme il se doit, dans toutes les langues.<\/p>\n<p><strong>\u00a0R\u00e9sum\u00e9<\/strong><\/p>\n<p>Si votre site web parle plusieurs langues, il doit \u00eatre mis \u00e0 jour dans plusieurs langues.<\/p>\n<p><strong>\u00a0Choisissez toujours le m\u00eame nombre de plans de maintenance linguistique que le nombre de langues suppl\u00e9mentaires sur votre site web.<\/strong><\/p>\n<p>&nbsp;<\/p>","protected":false},"excerpt":{"rendered":"<p>Maintenance des langues (pour les sites web multilingues)<\/p>\n<p>Si votre site web est multilingue, il est important que le nouveau contenu, les mises \u00e0 jour et les modifications soient correctement traduits et maintenus.<\/p>\n<p>Notre service d'entretien linguistique veille \u00e0 ce que<\/p>\n<ul>\n<li>Toutes les langues restent synchronis\u00e9es<\/li>\n<li>Les nouvelles pages sont traduites correctement<\/li>\n<li>Les mises \u00e0 jour de contenu apparaissent dans toutes les langues<\/li>\n<li>Les traductions restent pr\u00e9cises et professionnelles<\/li>\n<\/ul>\n<p>Ceci est particuli\u00e8rement important pour les entreprises qui op\u00e8rent au niveau international.<\/p>\n<p>&nbsp;<\/p>","protected":false},"featured_media":20815,"comment_status":"open","ping_status":"closed","template":"","meta":[],"product_brand":[],"product_cat":[89],"product_tag":[],"class_list":{"0":"post-20709","1":"product","2":"type-product","3":"status-publish","4":"has-post-thumbnail","6":"product_cat-language","8":"first","9":"instock","10":"taxable","11":"shipping-taxable","12":"purchasable","13":"product-type-subscription"},"_links":{"self":[{"href":"https:\/\/jdmwebs.com\/fr\/wp-json\/wp\/v2\/product\/20709","targetHints":{"allow":["GET"]}}],"collection":[{"href":"https:\/\/jdmwebs.com\/fr\/wp-json\/wp\/v2\/product"}],"about":[{"href":"https:\/\/jdmwebs.com\/fr\/wp-json\/wp\/v2\/types\/product"}],"replies":[{"embeddable":true,"href":"https:\/\/jdmwebs.com\/fr\/wp-json\/wp\/v2\/comments?post=20709"}],"version-history":[{"count":3,"href":"https:\/\/jdmwebs.com\/fr\/wp-json\/wp\/v2\/product\/20709\/revisions"}],"predecessor-version":[{"id":21037,"href":"https:\/\/jdmwebs.com\/fr\/wp-json\/wp\/v2\/product\/20709\/revisions\/21037"}],"wp:featuredmedia":[{"embeddable":true,"href":"https:\/\/jdmwebs.com\/fr\/wp-json\/wp\/v2\/media\/20815"}],"wp:attachment":[{"href":"https:\/\/jdmwebs.com\/fr\/wp-json\/wp\/v2\/media?parent=20709"}],"wp:term":[{"taxonomy":"product_brand","embeddable":true,"href":"https:\/\/jdmwebs.com\/fr\/wp-json\/wp\/v2\/product_brand?post=20709"},{"taxonomy":"product_cat","embeddable":true,"href":"https:\/\/jdmwebs.com\/fr\/wp-json\/wp\/v2\/product_cat?post=20709"},{"taxonomy":"product_tag","embeddable":true,"href":"https:\/\/jdmwebs.com\/fr\/wp-json\/wp\/v2\/product_tag?post=20709"}],"curies":[{"name":"wp","href":"https:\/\/api.w.org\/{rel}","templated":true}]}}