{"id":21213,"date":"2026-04-07T19:46:31","date_gmt":"2026-04-07T17:46:31","guid":{"rendered":"https:\/\/jdmwebs.com\/?post_type=product&#038;p=21213"},"modified":"2026-04-08T19:07:27","modified_gmt":"2026-04-08T17:07:27","slug":"plus-dapplication-en-anglais","status":"publish","type":"product","link":"https:\/\/jdmwebs.com\/fr\/product\/no-more-app-english\/","title":{"rendered":"\u201cApplication \u201dNo More\" (ANGLAIS)"},"content":{"rendered":"<p><strong data-start=\"143\" data-end=\"194\">Se lib\u00e9rer. Rester fort. Reconstruire la vie.<\/strong><\/p>\n<p><strong data-start=\"196\" data-end=\"207\">Plus d'informations<\/strong> est plus qu'une application. C'est une bou\u00e9e de sauvetage pour les personnes qui luttent contre l'addiction, ainsi que pour les familles et les enfants qui en sont victimes.<\/p>\n<p>Con\u00e7u avec empathie, structure et des principes de r\u00e9tablissement concrets, No More soutient les utilisateurs \u00e0 chaque \u00e9tape de leur parcours : depuis le moment o\u00f9 ils d\u00e9cident d'arr\u00eater, jusqu'au maintien de la sobri\u00e9t\u00e9 \u00e0 long terme et \u00e0 la reconstruction de leur vie.<\/p>\n<hr data-start=\"573\" data-end=\"576\" \/>\n<p data-section-id=\"1y3w8x6\" data-start=\"578\" data-end=\"607\">Un espace s\u00fbr pour le r\u00e9tablissement<\/p>\n<p>&nbsp;<\/p>\n<p>La d\u00e9pendance isole. No More reconnecte.<\/p>\n<p>L'application offre un environnement priv\u00e9, sans jugement, o\u00f9 les utilisateurs peuvent suivre leurs progr\u00e8s, r\u00e9fl\u00e9chir \u00e0 leurs \u00e9motions et acc\u00e9der \u00e0 des conseils chaque fois qu'ils en ont besoin. Qu'il s'agisse du premier jour ou de la premi\u00e8re ann\u00e9e, chaque \u00e9tape compte et No More rend ces \u00e9tapes visibles et significatives.<\/p>\n<hr data-start=\"920\" data-end=\"923\" \/>\n<h3 data-section-id=\"1y5g4hn\" data-start=\"925\" data-end=\"965\"><\/h3>\n<p data-section-id=\"1y5g4hn\" data-start=\"925\" data-end=\"965\">Con\u00e7u pour la vie r\u00e9elle, pas seulement pour la th\u00e9orie<\/p>\n<p>&nbsp;<\/p>\n<p>No More ne repose pas sur des id\u00e9es abstraites. Elle s'articule autour d'outils pratiques que les gens peuvent utiliser dans leur vie quotidienne :<\/p>\n<p>- Suivi quotidien de la sobri\u00e9t\u00e9 et des \u00e9tapes franchies<br data-start=\"1146\" data-end=\"1149\" \/>- Des plans de r\u00e9cup\u00e9ration et des routines personnalis\u00e9s<br data-start=\"1191\" data-end=\"1194\" \/>- Contr\u00f4les \u00e9motionnels et r\u00e9flexions guid\u00e9es<br data-start=\"1238\" data-end=\"1241\" \/>- Outils de soutien en cas de crise pour les moments \u00e0 haut risque<br data-start=\"1285\" data-end=\"1288\" \/>- Rappels de motivation et syst\u00e8mes de responsabilisation<\/p>\n<p>L'objectif est simple : aider les utilisateurs \u00e0 rester coh\u00e9rents, m\u00eame lorsque leur motivation est faible.<\/p>\n<hr data-start=\"1421\" data-end=\"1424\" \/>\n<h3 data-section-id=\"wobgd6\" data-start=\"1426\" data-end=\"1463\"><\/h3>\n<p data-section-id=\"wobgd6\" data-start=\"1426\" data-end=\"1463\">Soutien aux familles et aux enfants<\/p>\n<p>La toxicomanie n'affecte pas seulement la personne qui se bat, mais aussi tous ceux qui l'entourent.<\/p>\n<p>No More comprend des fonctions de soutien d\u00e9di\u00e9es aux partenaires, aux parents et aux enfants. Il les aide \u00e0 comprendre la d\u00e9pendance, \u00e0 faire face \u00e0 ses effets et \u00e0 r\u00e9tablir la confiance et la communication.<\/p>\n<p>Parce que le r\u00e9tablissement n'est pas un processus individuel. C'est un parcours familial.<\/p>\n<hr data-start=\"1800\" data-end=\"1803\" \/>\n<h3 data-section-id=\"x3of2g\" data-start=\"1805\" data-end=\"1842\"><\/h3>\n<p data-section-id=\"x3of2g\" data-start=\"1805\" data-end=\"1842\">Toujours disponible, toujours discret<\/p>\n<p>Le r\u00e9tablissement ne suit pas de calendrier.<\/p>\n<p>No More est disponible 24 heures sur 24, 7 jours sur 7, offrant un soutien imm\u00e9diat au moment o\u00f9 les utilisateurs en ont le plus besoin, sans stigmatisation, sans pression et sans besoin de s'expliquer.<\/p>\n<p>Tout est con\u00e7u pour \u00eatre priv\u00e9, s\u00e9curis\u00e9 et accessible \u00e0 tout moment.<\/p>\n<hr data-start=\"2124\" data-end=\"2127\" \/>\n<h3 data-section-id=\"l9itj4\" data-start=\"2129\" data-end=\"2171\"><\/h3>\n<p data-section-id=\"l9itj4\" data-start=\"2129\" data-end=\"2171\">Un outil pour le changement, un syst\u00e8me pour la croissance<\/p>\n<p>No More ne consiste pas seulement \u00e0 mettre fin \u00e0 une d\u00e9pendance.<br data-start=\"2221\" data-end=\"2224\" \/>Il s'agit de cr\u00e9er une nouvelle vie.<\/p>\n<p>En combinant structure, soutien \u00e9motionnel et outils pratiques, l'application aide les utilisateurs \u00e0 reprendre le contr\u00f4le, \u00e0 retrouver confiance et \u00e0 aller de l'avant avec d\u00e9termination.<\/p>\n<hr data-start=\"2409\" data-end=\"2412\" \/>\n<p><strong data-start=\"2414\" data-end=\"2470\">Plus jamais. Parce qu'une seule d\u00e9cision peut tout changer.<\/strong><\/p>\n<p>&nbsp;<\/p>","protected":false},"excerpt":{"rendered":"<p>Gain access to the premium app once you have paid for an active subscription.<\/p>","protected":false},"featured_media":21241,"comment_status":"open","ping_status":"closed","template":"","meta":{"_monsterinsights_skip_tracking":false,"_monsterinsights_sitenote_active":false,"_monsterinsights_sitenote_note":"","_monsterinsights_sitenote_category":0},"product_brand":[],"product_cat":[99],"product_tag":[],"class_list":{"0":"post-21213","1":"product","2":"type-product","3":"status-publish","4":"has-post-thumbnail","6":"product_cat-apps","8":"first","9":"instock","10":"taxable","11":"shipping-taxable","12":"purchasable","13":"product-type-variable-subscription"},"booking_location":null,"booking_location_type":null,"booking_duration":null,"booking_duration_unit":null,"booking_buffer":null,"booking_cost":null,"booking_resources":null,"_links":{"self":[{"href":"https:\/\/jdmwebs.com\/fr\/wp-json\/wp\/v2\/product\/21213","targetHints":{"allow":["GET"]}}],"collection":[{"href":"https:\/\/jdmwebs.com\/fr\/wp-json\/wp\/v2\/product"}],"about":[{"href":"https:\/\/jdmwebs.com\/fr\/wp-json\/wp\/v2\/types\/product"}],"replies":[{"embeddable":true,"href":"https:\/\/jdmwebs.com\/fr\/wp-json\/wp\/v2\/comments?post=21213"}],"version-history":[{"count":8,"href":"https:\/\/jdmwebs.com\/fr\/wp-json\/wp\/v2\/product\/21213\/revisions"}],"predecessor-version":[{"id":21240,"href":"https:\/\/jdmwebs.com\/fr\/wp-json\/wp\/v2\/product\/21213\/revisions\/21240"}],"wp:featuredmedia":[{"embeddable":true,"href":"https:\/\/jdmwebs.com\/fr\/wp-json\/wp\/v2\/media\/21241"}],"wp:attachment":[{"href":"https:\/\/jdmwebs.com\/fr\/wp-json\/wp\/v2\/media?parent=21213"}],"wp:term":[{"taxonomy":"product_brand","embeddable":true,"href":"https:\/\/jdmwebs.com\/fr\/wp-json\/wp\/v2\/product_brand?post=21213"},{"taxonomy":"product_cat","embeddable":true,"href":"https:\/\/jdmwebs.com\/fr\/wp-json\/wp\/v2\/product_cat?post=21213"},{"taxonomy":"product_tag","embeddable":true,"href":"https:\/\/jdmwebs.com\/fr\/wp-json\/wp\/v2\/product_tag?post=21213"}],"curies":[{"name":"wp","href":"https:\/\/api.w.org\/{rel}","templated":true}]}}